{"id":311,"date":"2018-02-25T12:43:17","date_gmt":"2018-02-25T11:43:17","guid":{"rendered":"http:\/\/www.darkdeed.de\/?page_id=311"},"modified":"2018-02-25T13:53:04","modified_gmt":"2018-02-25T12:53:04","slug":"modellfluggelaende","status":"publish","type":"page","link":"http:\/\/www.darkdeed.de\/index.php\/modellfluggelaende\/","title":{"rendered":"Modellfluggel\u00e4nde"},"content":{"rendered":"<ul>\n<li>Grasplatz mit den Abmassen\n<ul>\n<li>L\u00e4nge: 150m<\/li>\n<li>Breite: 30m<\/li>\n<\/ul>\n<\/li>\n<li>Kein Stromanschlu\u00df vorhanden<\/li>\n<li>Es sind Tische und St\u00fchle vorhanden<\/li>\n<li>Start-Landfl\u00e4che mit einem Zaun zum Vorbereitungsplatz abgetrennt<\/li>\n<\/ul>\n","protected":false},"excerpt":{"rendered":"<p>Grasplatz mit den Abmassen L\u00e4nge: 150m Breite: 30m Kein Stromanschlu\u00df vorhanden Es sind Tische und St\u00fchle vorhanden Start-Landfl\u00e4che mit einem Zaun zum Vorbereitungsplatz abgetrennt<\/p>\n","protected":false},"author":1,"featured_media":316,"parent":0,"menu_order":0,"comment_status":"closed","ping_status":"closed","template":"","meta":[],"_links":{"self":[{"href":"http:\/\/www.darkdeed.de\/index.php\/wp-json\/wp\/v2\/pages\/311"}],"collection":[{"href":"http:\/\/www.darkdeed.de\/index.php\/wp-json\/wp\/v2\/pages"}],"about":[{"href":"http:\/\/www.darkdeed.de\/index.php\/wp-json\/wp\/v2\/types\/page"}],"author":[{"embeddable":true,"href":"http:\/\/www.darkdeed.de\/index.php\/wp-json\/wp\/v2\/users\/1"}],"replies":[{"embeddable":true,"href":"http:\/\/www.darkdeed.de\/index.php\/wp-json\/wp\/v2\/comments?post=311"}],"version-history":[{"count":3,"href":"http:\/\/www.darkdeed.de\/index.php\/wp-json\/wp\/v2\/pages\/311\/revisions"}],"predecessor-version":[{"id":318,"href":"http:\/\/www.darkdeed.de\/index.php\/wp-json\/wp\/v2\/pages\/311\/revisions\/318"}],"wp:featuredmedia":[{"embeddable":true,"href":"http:\/\/www.darkdeed.de\/index.php\/wp-json\/wp\/v2\/media\/316"}],"wp:attachment":[{"href":"http:\/\/www.darkdeed.de\/index.php\/wp-json\/wp\/v2\/media?parent=311"}],"curies":[{"name":"wp","href":"https:\/\/api.w.org\/{rel}","templated":true}]}}