{"id":527,"date":"2018-03-18T17:11:03","date_gmt":"2018-03-18T16:11:03","guid":{"rendered":"http:\/\/www.darkdeed.de\/?page_id=527"},"modified":"2018-03-18T17:11:03","modified_gmt":"2018-03-18T16:11:03","slug":"historie","status":"publish","type":"page","link":"http:\/\/www.darkdeed.de\/index.php\/historie\/","title":{"rendered":"Historie"},"content":{"rendered":"<table width=\"0\">\n<tbody>\n<tr>\n<td colspan=\"2\" width=\"937\">Der Beginn des Modellfliegervereins Aichstetten<\/td>\n<\/tr>\n<tr>\n<td width=\"141\">18. Oktober 2011<\/td>\n<td width=\"796\">F\u00fcr die \u00dcberpr\u00fcfung der Eignung des geplanten Modellflugplatzes musste ein Gutachten eines anerkannten Modellflug-Schachverst\u00e4ndigen erstellt werden und wurde in Auftrag gegeben.<\/td>\n<\/tr>\n<tr>\n<td width=\"141\">27. Oktober 2011<\/td>\n<td width=\"796\">Ein Pachtvertrag f\u00fcr das Modellfluggel\u00e4nde mit einer Gr\u00f6\u00dfe von 6.125 qm wurde abgeschlossen.<\/td>\n<\/tr>\n<tr>\n<td width=\"141\">17. November 2011<\/td>\n<td width=\"796\">Das Sachverst\u00e4ndigengutachten, in dem die Eignung des Gel\u00e4ndes best\u00e4tigt wurde, lag vor. Damit waren die Voraussetzungen f\u00fcr die Beantragung der sogenannten Aufstiegserlaubnis erf\u00fcllt.<\/td>\n<\/tr>\n<tr>\n<td width=\"141\">10. Dezember 2011<\/td>\n<td width=\"796\">Gr\u00fcndungsversammlung mit Verabschiedung unserer Vereinssatzung. Unser Vereinsname wurde mit ModellFliegerClub Aitrach kurz MFC Aitrach beschlossen. Der neu gegr\u00fcndete Verein hatte zu diesem Zeitpunkt sieben Mitglieder. Dies entsprach genau der Mindestanzahl von Mitgliedern, um als Verein Mitglied bei unserem Dachverband, dem DMFV zu werden. Die Er\u00f6ffnung eines Vereinskontos wurde ebenfalls beschlossen.<\/td>\n<\/tr>\n<tr>\n<td width=\"141\">17. Dezember 2011<\/td>\n<td width=\"796\">In der weiteren Folge wurden alle beteiligten Verwaltungen \u00fcber das Vorhaben informiert und um ihre Stellungnahme gebeten. Dies nahm l\u00e4ngere Zeit in Anspruch.<\/td>\n<\/tr>\n<tr>\n<td width=\"141\">21. Dezember 2011<\/td>\n<td width=\"796\">Der Antrag f\u00fcr die Aufstiegsgenehmigung ist vom 1. Vorstand des Vereins Herrn Manfred Braig erstellt worden und wurde unverz\u00fcglich an das Regierungspr\u00e4sidium T\u00fcbingen zur Genehmigung gesandt.<\/td>\n<\/tr>\n<tr>\n<td width=\"141\">25. Februar 2013<\/td>\n<td width=\"796\">Das beabsichtigte Gel\u00e4nde wurde durch Vertreter des Regierungspr\u00e4sidiums T\u00fcbingen begutachtet. Die verantwortliche Person f\u00fcr die Umweltvertr\u00e4glichkeit sah keine Hindernisse f\u00fcr eine Genehmigung.<\/td>\n<\/tr>\n<tr>\n<td width=\"141\">27. Juni 2013<\/td>\n<td width=\"796\">Das positive Gutachten zur Umweltvertr\u00e4glichkeit lag vor. Dies war die Voraussetzung f\u00fcr die Erteilung einer Aufstiegsgenehmignung f\u00fcr unseren Modellflugplatz.<\/td>\n<\/tr>\n<tr>\n<td width=\"141\">23. August 2013<\/td>\n<td width=\"796\">Die Aufstiegserlaubnis ging vorab per E-Mail beim 1. Vorsitzenden ein. Die Orginalerlaubnis wurde am 15. November 2013 per Zustellungsurkunde an ihn \u00fcbergeben.<\/td>\n<\/tr>\n<tr>\n<td width=\"141\">27. November 2013<\/td>\n<td width=\"796\">Dem Regierungspr\u00e4sidium T\u00fcbingen wurde die Umbenennung des Vereins bekannt gegeben. Somit hei\u00dft der Verein seither ModellFliegerClub Aichstetten, kurz MFC Aichstetten. Der Grund daf\u00fcr war die Lage des Modellflugplatzes auf der n\u00f6rdlichen Flur der Gemeinde Aichstetten und nicht Aitrach.<\/td>\n<\/tr>\n<tr>\n<td width=\"141\">02. April 2014<\/td>\n<td width=\"796\">Unsere Ger\u00e4teh\u00fctte wurde von Vereinsmitgliedern in Eigenregie aufgebaut.<\/td>\n<\/tr>\n<tr>\n<td width=\"141\">08. Mai 2014<\/td>\n<td width=\"796\">Der Schutzzaun mit einer L\u00e4nge von 50 m wurde vom Verein in Eigenregie aufgestellt.<\/td>\n<\/tr>\n<\/tbody>\n<\/table>\n<p>&nbsp;<\/p>\n","protected":false},"excerpt":{"rendered":"<p>Der Beginn des Modellfliegervereins Aichstetten 18. Oktober 2011 F\u00fcr die \u00dcberpr\u00fcfung der Eignung des geplanten Modellflugplatzes musste ein Gutachten eines anerkannten Modellflug-Schachverst\u00e4ndigen erstellt werden und wurde in Auftrag gegeben. 27. [&hellip;]<\/p>\n","protected":false},"author":1,"featured_media":0,"parent":0,"menu_order":0,"comment_status":"closed","ping_status":"closed","template":"","meta":[],"_links":{"self":[{"href":"http:\/\/www.darkdeed.de\/index.php\/wp-json\/wp\/v2\/pages\/527"}],"collection":[{"href":"http:\/\/www.darkdeed.de\/index.php\/wp-json\/wp\/v2\/pages"}],"about":[{"href":"http:\/\/www.darkdeed.de\/index.php\/wp-json\/wp\/v2\/types\/page"}],"author":[{"embeddable":true,"href":"http:\/\/www.darkdeed.de\/index.php\/wp-json\/wp\/v2\/users\/1"}],"replies":[{"embeddable":true,"href":"http:\/\/www.darkdeed.de\/index.php\/wp-json\/wp\/v2\/comments?post=527"}],"version-history":[{"count":1,"href":"http:\/\/www.darkdeed.de\/index.php\/wp-json\/wp\/v2\/pages\/527\/revisions"}],"predecessor-version":[{"id":528,"href":"http:\/\/www.darkdeed.de\/index.php\/wp-json\/wp\/v2\/pages\/527\/revisions\/528"}],"wp:attachment":[{"href":"http:\/\/www.darkdeed.de\/index.php\/wp-json\/wp\/v2\/media?parent=527"}],"curies":[{"name":"wp","href":"https:\/\/api.w.org\/{rel}","templated":true}]}}